{"id":1751,"date":"2019-12-24T06:51:24","date_gmt":"2019-12-24T06:51:24","guid":{"rendered":"https:\/\/www.diverjans.com.tr\/contact\/"},"modified":"2025-06-05T22:52:29","modified_gmt":"2025-06-05T22:52:29","slug":"contact","status":"publish","type":"page","link":"https:\/\/www.diverjans.com.tr\/ru\/contact\/","title":{"rendered":"\u041a\u043e\u043d\u0442\u0430\u043a\u0442\u044b"},"content":{"rendered":"\t\t<div data-elementor-type=\"wp-page\" data-elementor-id=\"1751\" class=\"elementor elementor-1751 elementor-182\">\n\t\t\t\t\t\t<section class=\"elementor-section elementor-top-section elementor-element elementor-element-709a90e elementor-section-boxed elementor-section-height-default elementor-section-height-default wpr-particle-no wpr-jarallax-no wpr-parallax-no wpr-sticky-section-no wpr-equal-height-no\" data-id=\"709a90e\" data-element_type=\"section\" data-e-type=\"section\">\n\t\t\t\t\t\t<div class=\"elementor-container elementor-column-gap-no\">\n\t\t\t\t\t<div class=\"elementor-column elementor-col-100 elementor-top-column elementor-element elementor-element-365dba9\" data-id=\"365dba9\" data-element_type=\"column\" data-e-type=\"column\">\n\t\t\t<div class=\"elementor-widget-wrap elementor-element-populated\">\n\t\t\t\t\t\t<div class=\"elementor-element elementor-element-ac19bfd elementor-widget elementor-widget-contact-widget\" data-id=\"ac19bfd\" data-element_type=\"widget\" data-e-type=\"widget\" data-widget_type=\"contact-widget.default\">\n\t\t\t\t<div class=\"elementor-widget-container\">\n\t\t\t\t\t        <div class=\"contact-area ptb-110\">\r\n            <div class=\"container\">\r\n                <div class=\"section-title text-center\">\r\n                    <span>\u0421\u0412\u042f\u0416\u0418\u0422\u0415\u0421\u042c \u0421 \u041d\u0410\u041c\u0418<\/span>\r\n                    <h2>\u041c\u044b \u0433\u043e\u0442\u043e\u0432\u044b \u043f\u043e\u043c\u043e\u0447\u044c \u0432\u0430\u043c \u0441 \u0440\u0435\u0448\u0435\u043d\u0438\u0435\u043c.<\/h2>\r\n\r\n                    <p data-start=\"154\" data-end=\"231\">\u0414\u043b\u044f \u043f\u043e\u043b\u0443\u0447\u0435\u043d\u0438\u044f \u043f\u043e\u0434\u0440\u043e\u0431\u043d\u043e\u0439 \u0438\u043d\u0444\u043e\u0440\u043c\u0430\u0446\u0438\u0438 \u0438 \u0432\u043e\u043f\u0440\u043e\u0441\u043e\u0432 \u0432\u044b \u043c\u043e\u0436\u0435\u0442\u0435 \u0437\u0430\u043f\u043e\u043b\u043d\u0438\u0442\u044c \u0444\u043e\u0440\u043c\u0443 \u043d\u0438\u0436\u0435.<\/p>                <\/div>\r\n\r\n                <div class=\"contact-form\">\r\n                    <div class=\"form\">\r\n                        \n<div class=\"wpcf7 no-js\" id=\"wpcf7-f185-o1\" lang=\"tr-TR\" dir=\"ltr\" data-wpcf7-id=\"185\">\n<div class=\"screen-reader-response\"><p role=\"status\" aria-live=\"polite\" aria-atomic=\"true\"><\/p> <ul><\/ul><\/div>\n<form action=\"\/ru\/wp-json\/wp\/v2\/pages\/1751#wpcf7-f185-o1\" method=\"post\" class=\"wpcf7-form init\" aria-label=\"\u0130leti\u015fim Formu\" novalidate=\"novalidate\" data-status=\"init\">\n<fieldset class=\"hidden-fields-container\"><input type=\"hidden\" name=\"_wpcf7\" value=\"185\" \/><input type=\"hidden\" name=\"_wpcf7_version\" value=\"6.1.5\" \/><input type=\"hidden\" name=\"_wpcf7_locale\" value=\"tr_TR\" \/><input type=\"hidden\" name=\"_wpcf7_unit_tag\" value=\"wpcf7-f185-o1\" \/><input type=\"hidden\" name=\"_wpcf7_container_post\" value=\"0\" \/><input type=\"hidden\" name=\"_wpcf7_posted_data_hash\" value=\"\" \/>\n<\/fieldset>\n<div class=\"row\">\n    <div class=\"col-lg-6 col-md-6\">\n        <div class=\"form-group\">\n            <span class=\"wpcf7-form-control-wrap\" data-name=\"yname\"><input size=\"40\" maxlength=\"400\" class=\"wpcf7-form-control wpcf7-text wpcf7-validates-as-required form-control\" aria-required=\"true\" aria-invalid=\"false\" placeholder=\"Ad Soyad\" value=\"\" type=\"text\" name=\"yname\" \/><\/span>\n        <\/div>\n    <\/div>\n\n    <div class=\"col-lg-6 col-md-6\">\n        <div class=\"form-group\">\n            <span class=\"wpcf7-form-control-wrap\" data-name=\"yemail\"><input size=\"40\" maxlength=\"400\" class=\"wpcf7-form-control wpcf7-email wpcf7-validates-as-required wpcf7-text wpcf7-validates-as-email form-control\" aria-required=\"true\" aria-invalid=\"false\" placeholder=\"Email\" value=\"\" type=\"email\" name=\"yemail\" \/><\/span>\n        <\/div>\n    <\/div>\n\n    <div class=\"col-lg-6 col-md-6\">\n        <div class=\"form-group\">\n            <span class=\"wpcf7-form-control-wrap\" data-name=\"ynumber\"><input size=\"40\" maxlength=\"400\" class=\"wpcf7-form-control wpcf7-text wpcf7-validates-as-required form-control\" aria-required=\"true\" aria-invalid=\"false\" placeholder=\"Telefon\" value=\"\" type=\"text\" name=\"ynumber\" \/><\/span>\n        <\/div>\n    <\/div>\n\n    <div class=\"col-lg-6 col-md-6\">\n        <div class=\"form-group\">\n            <span class=\"wpcf7-form-control-wrap\" data-name=\"ysubject\"><input size=\"40\" maxlength=\"400\" class=\"wpcf7-form-control wpcf7-text wpcf7-validates-as-required form-control\" aria-required=\"true\" aria-invalid=\"false\" placeholder=\"Konu\" value=\"\" type=\"text\" name=\"ysubject\" \/><\/span>\n        <\/div>\n    <\/div>\n\n    <div class=\"col-lg-12 col-md-12\">\n        <div class=\"form-group\">\n            <span class=\"wpcf7-form-control-wrap\" data-name=\"ymessage\"><textarea cols=\"40\" rows=\"5\" maxlength=\"2000\" class=\"wpcf7-form-control wpcf7-textarea wpcf7-validates-as-required form-control\" aria-required=\"true\" aria-invalid=\"false\" placeholder=\"Mesaj\u0131n\u0131z\" name=\"ymessage\"><\/textarea><\/span>\n        <\/div>\n    <\/div>\n\n   <div class=\"col-lg-12 col-md-12\">\n<span class=\"wpcf7-form-control-wrap\" data-name=\"acceptance-737\"><span class=\"wpcf7-form-control wpcf7-acceptance\"><span class=\"wpcf7-list-item\"><label><input type=\"checkbox\" name=\"acceptance-737\" value=\"1\" aria-invalid=\"false\" \/><span class=\"wpcf7-list-item-label\">By checking this, you agree to our <a href=\"http:\/\/www.diverjans.com.tr\/terms-conditions\/\">Gizlilik Politikas\u0131 <\/a> and <a href=\"http:\/\/www.diverjans.com.tr\/privacy-policy\/\">\u015eirket Politikas\u0131<\/a><\/span><\/label><\/span><\/span><\/span>\n<\/div>\n\n    <div class=\"col-lg-12 col-md-12\">\n        <button type=\"submit\" class=\"btn btn-primary\">Mesaj G\u00f6nder<\/button>\n    <\/div>\n<\/div><div class=\"wpcf7-response-output\" aria-hidden=\"true\"><\/div>\n<\/form>\n<\/div>\n                    <\/div>\r\n                <\/div>\r\n\r\n                <div class=\"contact-info\">\r\n                    <div class=\"contact-info-content text-center\">\r\n                        <h3>\u0421\u0432\u044f\u0437\u0430\u0442\u044c\u0441\u044f \u0441 \u043d\u0430\u043c\u0438 \u043c\u043e\u0436\u043d\u043e \u043f\u043e \u0442\u0435\u043b\u0435\u0444\u043e\u043d\u0443 \u0438\u043b\u0438 \u044d\u043b\u0435\u043a\u0442\u0440\u043e\u043d\u043d\u043e\u0439 \u043f\u043e\u0447\u0442\u0435.<\/h3>\r\n                        <h2>\r\n                            <a href=\"tel:+902162101980\">+90 216 210 19 80<\/a>\r\n\r\n                            <span><\/span>\r\n\r\n                            <a href=\"mailto:http:\/\/info@diverjans.com.tr\">info@diverjans.com.tr<\/a>\r\n                        <\/h2>\r\n\r\n                        <ul class=\"social\">\r\n                                                                    <li><a href=\"https:\/\/twitter.com\/diverjansbt\" target=\"_blank\"><i class=\"fab fa-twitter\"><\/i><\/a><\/li>\r\n                                                                            <li><a href=\"https:\/\/www.facebook.com\/profile.php?id=100094333175361%20\" target=\"_blank\"><i class=\"fab fa-facebook-f\"><\/i><\/a><\/li>\r\n                                                                            <li><a href=\"https:\/\/www.linkedin.com\/company\/diverjansbt\/about\/?viewAsMember=true\" target=\"_blank\"><i class=\"fab fa-linkedin-in\"><\/i><\/a><\/li>\r\n                                                            <\/ul>\r\n                    <\/div>\r\n                <\/div>\r\n            <\/div>\r\n        <\/div>\r\n    \t\t\t\t<\/div>\n\t\t\t\t<\/div>\n\t\t\t\t\t<\/div>\n\t\t<\/div>\n\t\t\t\t\t<\/div>\n\t\t<\/section>\n\t\t\t\t<\/div>\n\t\t","protected":false},"excerpt":{"rendered":"<p>\u0421\u0412\u042f\u0416\u0418\u0422\u0415\u0421\u042c \u0421 \u041d\u0410\u041c\u0418 \u041c\u044b \u0433\u043e\u0442\u043e\u0432\u044b \u043f\u043e\u043c\u043e\u0447\u044c \u0432\u0430\u043c \u0441 \u0440\u0435\u0448\u0435\u043d\u0438\u0435\u043c. \u0414\u043b\u044f \u043f\u043e\u043b\u0443\u0447\u0435\u043d\u0438\u044f \u043f\u043e\u0434\u0440\u043e\u0431\u043d\u043e\u0439 \u0438\u043d\u0444\u043e\u0440\u043c\u0430\u0446\u0438\u0438 \u0438 \u0432\u043e\u043f\u0440\u043e\u0441\u043e\u0432 \u0432\u044b \u043c\u043e\u0436\u0435\u0442\u0435 \u0437\u0430\u043f\u043e\u043b\u043d\u0438\u0442\u044c \u0444\u043e\u0440\u043c\u0443 \u043d\u0438\u0436\u0435. By checking this, you agree to our Gizlilik Politikas\u0131 and \u015eirket Politikas\u0131 Mesaj G\u00f6nder \u0421\u0432\u044f\u0437\u0430\u0442\u044c\u0441\u044f \u0441 \u043d\u0430\u043c\u0438 \u043c\u043e\u0436\u043d\u043e \u043f\u043e \u0442\u0435\u043b\u0435\u0444\u043e\u043d\u0443 \u0438\u043b\u0438 \u044d\u043b\u0435\u043a\u0442\u0440\u043e\u043d\u043d\u043e\u0439 \u043f\u043e\u0447\u0442\u0435. +90 216 210 19 80 info@diverjans.com.tr<\/p>\n","protected":false},"author":1,"featured_media":0,"parent":0,"menu_order":0,"comment_status":"closed","ping_status":"closed","template":"","meta":{"footnotes":""},"class_list":["post-1751","page","type-page","status-publish","hentry"],"acf":[],"_links":{"self":[{"href":"https:\/\/www.diverjans.com.tr\/ru\/wp-json\/wp\/v2\/pages\/1751","targetHints":{"allow":["GET"]}}],"collection":[{"href":"https:\/\/www.diverjans.com.tr\/ru\/wp-json\/wp\/v2\/pages"}],"about":[{"href":"https:\/\/www.diverjans.com.tr\/ru\/wp-json\/wp\/v2\/types\/page"}],"author":[{"embeddable":true,"href":"https:\/\/www.diverjans.com.tr\/ru\/wp-json\/wp\/v2\/users\/1"}],"replies":[{"embeddable":true,"href":"https:\/\/www.diverjans.com.tr\/ru\/wp-json\/wp\/v2\/comments?post=1751"}],"version-history":[{"count":6,"href":"https:\/\/www.diverjans.com.tr\/ru\/wp-json\/wp\/v2\/pages\/1751\/revisions"}],"predecessor-version":[{"id":1797,"href":"https:\/\/www.diverjans.com.tr\/ru\/wp-json\/wp\/v2\/pages\/1751\/revisions\/1797"}],"wp:attachment":[{"href":"https:\/\/www.diverjans.com.tr\/ru\/wp-json\/wp\/v2\/media?parent=1751"}],"curies":[{"name":"wp","href":"https:\/\/api.w.org\/{rel}","templated":true}]}}