{"id":1611,"date":"2019-12-28T05:10:01","date_gmt":"2019-12-28T05:10:01","guid":{"rendered":"https:\/\/www.diverjans.com.tr\/kvkk-basvuru-formu\/"},"modified":"2023-09-19T20:42:58","modified_gmt":"2023-09-19T20:42:58","slug":"kvkk-application-form","status":"publish","type":"page","link":"https:\/\/www.diverjans.com.tr\/en\/kvkk-application-form\/","title":{"rendered":"KVKK Application Form"},"content":{"rendered":"\r\n<h1 class=\"wp-block-heading\">D\u0130VERJANS B\u0130LG\u0130 TEKNOLOJ\u0130LER\u0130 T\u0130C. LTD. \u015eT\u0130. BA\u015eVURU FORMU<\/h1>\r\n<h3>\u00a0<\/h3>\r\n<p>6698 Say\u0131l\u0131 Ki\u015fisel Verilerin Korunmas\u0131 Kanunu\u2019nda ilgili ki\u015fi olarak tan\u0131mlanan ki\u015fisel veri sahiplerine \u201cBa\u015fvuru Sahibi olarak an\u0131lacakt\u0131r\u201d, KVK Kanunu\u2019nun 11\u2019inci maddesinde ki\u015fisel verilerinin i\u015flenmesine ili\u015fkin birtak\u0131m taleplerde bulunma hakk\u0131 tan\u0131nm\u0131\u015ft\u0131r.<\/p>\r\n<p>&nbsp;<\/p>\r\n<p>KVK Kanunu\u2019nun 13\u2019\u00fcnc\u00fc maddesinin birinci f\u0131kras\u0131 uyar\u0131nca; ki\u015fisel veri sahibinin, ilgili ki\u015finin veri sorumlusu olan \u015eirketimize bu haklara ili\u015fkin olarak yap\u0131lacak ba\u015fvurular\u0131n\u0131 yaz\u0131l\u0131 olarak veya Ki\u015fisel Verilerin Korunmas\u0131 Kurulu (\u201cKurul\u201d) taraf\u0131ndan belirlenen di\u011fer y\u00f6ntemlerle, taraf\u0131m\u0131za iletmesi gerekmektedir.<\/p>\r\n<p>&nbsp;<\/p>\r\n<p>Bu \u00e7er\u00e7evede \u201cyaz\u0131l\u0131\u201d olarak \u015eirketimize yap\u0131lacak ba\u015fvurular, i\u015fbu formun \u00e7\u0131kt\u0131s\u0131 al\u0131narak;<\/p>\r\n<p>&nbsp;<\/p>\r\n<ul>\r\n<li>Ba\u015fvuru Sahibinin \u015fahsen ba\u015fvurusu ile,<\/li>\r\n<li>Noter vas\u0131tas\u0131 ile,<\/li>\r\n<li>Ba\u015fvuru Sahibince 5070 Say\u0131l\u0131 Elektronik \u0130mza Kanunu\u2019nda tan\u0131ml\u0131 olan \u201cg\u00fcvenli elektronik imza\u201d ile imzalanarak \u015eirket kay\u0131tl\u0131 elektronik posta adresine g\u00f6nderilmek suretiyle, taraf\u0131m\u0131za iletilebilecektir.<\/li>\r\n<\/ul>\r\n<p>&nbsp;<\/p>\r\n<p>A\u015fa\u011f\u0131da, yaz\u0131l\u0131 ba\u015fvurular\u0131n ne \u015fekilde taraf\u0131m\u0131za ula\u015ft\u0131r\u0131laca\u011f\u0131na ili\u015fkin yaz\u0131l\u0131 ba\u015fvuru kanallar\u0131 hakk\u0131nda bilgiler verilmektedir.<\/p>\r\n<p>&nbsp;<\/p>\r\n<p>&nbsp;<\/p>\r\n<table>\r\n<tbody>\r\n<tr>\r\n<td width=\"211\">\r\n<p>Ba\u015fvuru Y\u00f6ntem<\/p>\r\n<\/td>\r\n<td width=\"211\">\r\n<p>Ba\u015fvuru Yap\u0131lacak Adres<\/p>\r\n<\/td>\r\n<td width=\"210\">\r\n<p>Ba\u015fvuruda Belirtilecek Bilgi<\/p>\r\n<\/td>\r\n<\/tr>\r\n<tr>\r\n<td width=\"211\">\r\n<p>\u015eahsen Ba\u015fvuru (Ba\u015fvuru sahibinin bizzat gelerek kimli\u011fini tasdik edecek belge ile ba\u015fvurmas\u0131)<\/p>\r\n<\/td>\r\n<td width=\"211\">\r\n<p>Akasya AVM, Ac\u0131badem Mah. \u00c7e\u00e7en Sok. No:426B, Ac\u0131badem 34660 \u00dcsk\u00fcdar, \u0130stanbul<\/p>\r\n<\/td>\r\n<td width=\"210\">\r\n<p>Zarf\u0131n \u00fczerine \u201cKi\u015fisel Verilerin Korunmas\u0131 Kanunu Kapsam\u0131nda Bilgi Talebi\u201d yaz\u0131lacakt\u0131r.<\/p>\r\n<\/td>\r\n<\/tr>\r\n<tr>\r\n<td width=\"211\">\r\n<p>&nbsp;<\/p>\r\n<p>Noter Vas\u0131tas\u0131 ile Tebligat<\/p>\r\n<\/td>\r\n<td width=\"211\">\r\n<p>Akasya AVM, Ac\u0131badem Mah. \u00c7e\u00e7en Sok. No:426B, Ac\u0131badem 34660 \u00dcsk\u00fcdar, \u0130stanbul<\/p>\r\n<\/td>\r\n<td width=\"210\">\r\n<p>Tebligat zarf\u0131na \u201cKi\u015fisel Verilerin Korunmas\u0131 Kanunu Kapsam\u0131nda Bilgi Talebi\u201d<\/p>\r\n<p>yaz\u0131lacakt\u0131r.<\/p>\r\n<\/td>\r\n<\/tr>\r\n<tr>\r\n<td width=\"211\">\r\n<p>Kay\u0131tl\u0131 Elektronik Posta Yolu (G\u00fcvenli Elektronik \u0130mzal\u0131)<\/p>\r\n<\/td>\r\n<td width=\"211\">\r\n<p>&nbsp;<\/p>\r\n<p><a href=\"mailto:info@diverjans.com.tr\">info@diverjans.com.tr<\/a><\/p>\r\n<\/td>\r\n<td width=\"210\">\r\n<p>E-postan\u0131n konu k\u0131sm\u0131na \u201cKi\u015fisel Verilerin Korunmas\u0131 Kanunu Bilgi Talebi\u201d yaz\u0131lacakt\u0131r.<\/p>\r\n<\/td>\r\n<\/tr>\r\n<\/tbody>\r\n<\/table>\r\n<p>&nbsp;<\/p>\r\n<p>Ek olarak, Kurul\u2019un belirleyece\u011fi di\u011fer y\u00f6ntemler duyurulduktan sonra bu y\u00f6ntemler \u00fczerinden de ba\u015fvurular\u0131n ne \u015fekilde al\u0131naca\u011f\u0131 \u015eirketimiz taraf\u0131ndan duyurulacakt\u0131r.<\/p>\r\n<p>&nbsp;<\/p>\r\n<p>KVK Kanunu\u2019nun 13\u2019\u00fcnc\u00fc maddesinin 2\u2019inci f\u0131kras\u0131nda d\u00fczenlendi\u011fi \u015fekilde, taraf\u0131m\u0131za iletmi\u015f oldu\u011funuz ba\u015fvurular\u0131n\u0131z talebin niteli\u011fine g\u00f6re talebinizin bizlere ula\u015ft\u0131\u011f\u0131 tarihten itibaren otuz g\u00fcn i\u00e7inde yan\u0131tland\u0131r\u0131lacak olup, yaz\u0131l\u0131 veya elektronik ortamdan taraf\u0131n\u0131za ula\u015ft\u0131r\u0131lacakt\u0131r.<\/p>\r\n<h3>\u00a0<\/h3>\r\n<h1>A.\u00a0 Ba\u015fvuru Sahibi \u0130leti\u015fim Bilgileri:<\/h1>\r\n<p><strong>\u00a0<\/strong><\/p>\r\n<table>\r\n<tbody>\r\n<tr>\r\n<td width=\"329\">\r\n<p><strong>Ad, Soyad<\/strong><\/p>\r\n<\/td>\r\n<td width=\"329\">\r\n<p>&nbsp;<\/p>\r\n<\/td>\r\n<\/tr>\r\n<tr>\r\n<td width=\"329\">\r\n<p><strong>T.C. Kimlik Numaras\u0131<\/strong><\/p>\r\n<\/td>\r\n<td width=\"329\">\r\n<p>&nbsp;<\/p>\r\n<\/td>\r\n<\/tr>\r\n<tr>\r\n<td width=\"329\">\r\n<p><strong>Telefon Numaras\u0131<\/strong><\/p>\r\n<\/td>\r\n<td width=\"329\">\r\n<p>&nbsp;<\/p>\r\n<\/td>\r\n<\/tr>\r\n<tr>\r\n<td width=\"329\">\r\n<p><strong>E-Posta Adresi<\/strong><\/p>\r\n<p><strong>( Size daha h\u0131zl\u0131 yan\u0131t verebilmemiz i\u00e7in)<\/strong><\/p>\r\n<\/td>\r\n<td width=\"329\">\r\n<p>&nbsp;<\/p>\r\n<\/td>\r\n<\/tr>\r\n<tr>\r\n<td width=\"329\">\r\n<p><strong>Adres<\/strong><\/p>\r\n<\/td>\r\n<td width=\"329\">\r\n<p>&nbsp;<\/p>\r\n<\/td>\r\n<\/tr>\r\n<\/tbody>\r\n<\/table>\r\n<p><strong>\u00a0<\/strong><\/p>\r\n<p><strong>\u00a0<\/strong><\/p>\r\n<ol>\r\n<li><strong>L\u00fctfen \u015eirketimiz ile olan ili\u015fkinizi (M\u00fc\u015fteri, i\u015f orta\u011f\u0131, \u00e7al\u0131\u015fan aday\u0131, eski <\/strong><strong>\u00e7al\u0131\u015fan, \u00fc\u00e7\u00fcnc\u00fc taraf firma \u00e7al\u0131\u015fan\u0131, hissedar gibi)<\/strong><\/li>\r\n<\/ol>\r\n<p><strong>\u00a0<\/strong><\/p>\r\n<table>\r\n<tbody>\r\n<tr>\r\n<td width=\"329\">\r\n<p>M\u00fc\u015fteri Ziyaret\u00e7i<\/p>\r\n<\/td>\r\n<td width=\"329\">\r\n<p>\u0130\u015f Orta\u011f\u0131 Di\u011fer:<\/p>\r\n<\/td>\r\n<\/tr>\r\n<tr>\r\n<td colspan=\"2\" width=\"658\">\r\n<p>\u015eirketimiz i\u00e7erisinde ileti\u015fimde oldu\u011funuz birim: Konu:<\/p>\r\n<\/td>\r\n<\/tr>\r\n<tr>\r\n<td width=\"329\">\r\n<p><strong>\u00a0<\/strong><\/p>\r\n<p><strong>\u00a0<\/strong><\/p>\r\n<p>Eski \u00c7al\u0131\u015fan\u0131m: \u00c7al\u0131\u015ft\u0131\u011f\u0131m Y\u0131llar:<\/p>\r\n<p><strong>\u00a0<\/strong><\/p>\r\n<p>Di\u011fer<\/p>\r\n<\/td>\r\n<td width=\"329\">\r\n<p><strong>\u00a0<\/strong><\/p>\r\n<p>\u0130\u015f Ba\u015fvurusu \/ \u00d6zge\u00e7mi\u015f Payla\u015f\u0131m\u0131 Yapt\u0131m<\/p>\r\n<p><em>Tarih:<\/em><\/p>\r\n<p><strong>\u00a0<\/strong><\/p>\r\n<p>\u00dc\u00e7\u00fcnc\u00fc Ki\u015fi Firma \u00c7al\u0131\u015fan\u0131y\u0131m <em>L\u00fctfen \u00e7al\u0131\u015ft\u0131\u011f\u0131n\u0131z firma ve pozisyon bilgisini belirtiniz<\/em><\/p>\r\n<\/td>\r\n<\/tr>\r\n<\/tbody>\r\n<\/table>\r\n<p><strong>\u00a0<\/strong><\/p>\r\n<ol>\r\n<li>L\u00fctfen KVK Kanunu kapsam\u0131ndaki talebinizi detayl\u0131 olarak belirtiniz:<\/li>\r\n<\/ol>\r\n<p>\u2026\u2026\u2026\u2026\u2026\u2026\u2026..\u2026\u2026\u2026\u2026\u2026.\u2026\u2026\u2026\u2026\u2026\u2026\u2026\u2026\u2026\u2026\u2026\u2026.\u2026\u2026\u2026\u2026\u2026\u2026\u2026\u2026\u2026\u2026\u2026\u2026\u2026\u2026\u2026\u2026\u2026\u2026\u2026\u2026\u2026\u2026\u2026\u2026\u2026\u2026\u2026\u2026\u2026\u2026\u2026\u2026\u2026\u2026<\/p>\r\n<p>\u2026\u2026\u2026\u2026\u2026\u2026\u2026..\u2026\u2026\u2026\u2026\u2026.\u2026\u2026\u2026\u2026\u2026\u2026\u2026\u2026\u2026\u2026\u2026\u2026.\u2026\u2026\u2026\u2026\u2026\u2026\u2026\u2026\u2026\u2026\u2026\u2026\u2026\u2026\u2026\u2026\u2026\u2026\u2026\u2026\u2026\u2026\u2026\u2026\u2026\u2026\u2026\u2026\u2026\u2026\u2026\u2026\u2026\u2026<\/p>\r\n<p>\u2026\u2026\u2026\u2026\u2026\u2026\u2026..\u2026\u2026\u2026\u2026\u2026.\u2026\u2026\u2026\u2026\u2026\u2026\u2026\u2026\u2026\u2026\u2026\u2026.\u2026\u2026\u2026\u2026\u2026\u2026\u2026\u2026\u2026\u2026\u2026\u2026\u2026\u2026\u2026\u2026\u2026\u2026\u2026\u2026\u2026\u2026\u2026\u2026\u2026\u2026\u2026\u2026\u2026\u2026\u2026\u2026\u2026\u2026<\/p>\r\n<p>\u2026\u2026\u2026\u2026\u2026\u2026\u2026..\u2026\u2026\u2026\u2026\u2026.\u2026\u2026\u2026\u2026\u2026\u2026\u2026\u2026\u2026\u2026\u2026\u2026.\u2026\u2026\u2026\u2026\u2026\u2026\u2026\u2026\u2026\u2026\u2026\u2026\u2026\u2026\u2026\u2026\u2026\u2026\u2026\u2026\u2026\u2026\u2026\u2026\u2026\u2026\u2026\u2026\u2026\u2026\u2026\u2026\u2026\u2026<\/p>\r\n<p>\u2026\u2026\u2026\u2026\u2026\u2026\u2026..\u2026\u2026\u2026\u2026\u2026.\u2026\u2026\u2026\u2026\u2026\u2026\u2026\u2026\u2026\u2026\u2026\u2026.\u2026\u2026\u2026\u2026\u2026\u2026\u2026\u2026\u2026\u2026\u2026\u2026\u2026\u2026\u2026\u2026\u2026\u2026\u2026\u2026\u2026\u2026\u2026\u2026\u2026\u2026\u2026\u2026\u2026\u2026\u2026\u2026\u2026\u2026<\/p>\r\n<p>\u2026\u2026\u2026\u2026\u2026\u2026\u2026..\u2026\u2026\u2026\u2026\u2026.\u2026\u2026\u2026\u2026\u2026\u2026\u2026\u2026\u2026\u2026\u2026\u2026.\u2026\u2026\u2026\u2026\u2026\u2026\u2026\u2026\u2026\u2026\u2026\u2026\u2026\u2026\u2026\u2026\u2026\u2026\u2026\u2026\u2026\u2026\u2026\u2026\u2026\u2026\u2026\u2026\u2026\u2026\u2026\u2026\u2026\u2026<\/p>\r\n<p>\u2026\u2026\u2026\u2026\u2026\u2026\u2026..\u2026\u2026\u2026\u2026\u2026.\u2026\u2026\u2026\u2026\u2026\u2026\u2026\u2026\u2026\u2026\u2026\u2026.\u2026\u2026\u2026\u2026\u2026\u2026\u2026\u2026\u2026\u2026\u2026\u2026\u2026\u2026\u2026\u2026\u2026\u2026\u2026\u2026\u2026\u2026\u2026\u2026\u2026\u2026\u2026\u2026\u2026\u2026\u2026\u2026\u2026\u2026<\/p>\r\n<p>\u2026\u2026\u2026\u2026\u2026\u2026\u2026..\u2026\u2026\u2026\u2026\u2026.\u2026\u2026\u2026\u2026\u2026\u2026\u2026\u2026\u2026\u2026\u2026\u2026.\u2026\u2026\u2026\u2026\u2026\u2026\u2026\u2026\u2026\u2026\u2026\u2026\u2026\u2026\u2026\u2026\u2026\u2026\u2026\u2026\u2026\u2026\u2026\u2026\u2026\u2026\u2026\u2026\u2026\u2026\u2026\u2026\u2026\u2026<\/p>\r\n<p>\u2026\u2026\u2026\u2026\u2026\u2026\u2026..\u2026\u2026\u2026\u2026\u2026.\u2026\u2026\u2026\u2026\u2026\u2026\u2026\u2026\u2026\u2026\u2026\u2026.\u2026\u2026\u2026\u2026\u2026\u2026\u2026\u2026\u2026\u2026\u2026\u2026\u2026\u2026\u2026\u2026\u2026\u2026\u2026\u2026\u2026\u2026\u2026\u2026\u2026\u2026\u2026\u2026\u2026\u2026\u2026\u2026\u2026\u2026<\/p>\r\n<h3>\u00a0<\/h3>\r\n<ol>\r\n<li>L\u00fctfen ba\u015fvurunuza verece\u011fimiz yan\u0131t\u0131n taraf\u0131n\u0131za bildirilme y\u00f6ntemini se\u00e7iniz:\r\n<ul>\r\n<li>Adresime g\u00f6nderilmesini istiyorum<\/li>\r\n<li>E-Posta adresime g\u00f6nderilmesini istiyorum<\/li>\r\n<\/ul>\r\n<\/li>\r\n<\/ol>\r\n<p>(E-posta y\u00f6ntemini se\u00e7meniz h\u00e2linde size daha h\u0131zl\u0131 yan\u0131t verebilece\u011fiz.)<\/p>\r\n<ul>\r\n<li>Elden Teslim almak istiyorum<\/li>\r\n<\/ul>\r\n<p>&nbsp;<\/p>\r\n<p>(Vek\u00e2leten teslim al\u0131nmas\u0131 durumunda noter tasdikli vek\u00e2letname veya yetki belgesi olmas\u0131 gerekmektedir.)<\/p>\r\n<p>&nbsp;<\/p>\r\n<p>\u0130\u015fbu ba\u015fvuru formu, \u015eirketimiz ile olan ili\u015fkinizi tespit ederek varsa \u015eirketimiz taraf\u0131ndan i\u015flenen ki\u015fisel verilerinizi eksiksiz olarak belirleyerek, ilgili ba\u015fvurunuza do\u011fru ve kanuni s\u00fcresinde cevap verilebilmesi i\u00e7in tanzim edilmi\u015ftir. Hukuka ayk\u0131r\u0131 ve haks\u0131z bir \u015fekilde veri payla\u015f\u0131m\u0131ndan kaynaklanabilecek hukuki risklerin bertaraf edilmesi ve \u00f6zellikle ki\u015fisel verilerinizin g\u00fcvenli\u011finin sa\u011flanmas\u0131 amac\u0131yla, kimlik ve yetki tespiti i\u00e7in \u015firketimiz ek evrak ve malumat (N\u00fcfus c\u00fczdan\u0131 veya s\u00fcr\u00fcc\u00fc belgesi sureti vb.) talep etme hakk\u0131n\u0131 sakl\u0131 tutar. Form kapsam\u0131nda iletmekte oldu\u011funuz taleplerinize ili\u015fkin bilgilerin do\u011fru ve g\u00fcncel olmamas\u0131 ya da yetkisiz bir ba\u015fvuru yap\u0131lmas\u0131 halinde \u015eirketimiz, s\u00f6z konusu yanl\u0131\u015f bilgi ya da yetkisiz ba\u015fvuru kaynakl\u0131 taleplerden dolay\u0131 mesuliyet kabul etmemektedir.<\/p>\r\n<p>&nbsp;<\/p>\r\n<p>Ba\u015fvuru Sahibi (Ki\u015fisel Veri Sahibi) Ad\u0131 Soyad\u0131:<\/p>\r\n<p>Ba\u015fvuru Tarihi: \u0130mza:<\/p>\r\n<h3>\u00a0<\/h3>\r\n<p>&nbsp;<\/p>\r\n","protected":false},"excerpt":{"rendered":"<p>D\u0130VERJANS B\u0130LG\u0130 TEKNOLOJ\u0130LER\u0130 T\u0130C. LTD. \u015eT\u0130. BA\u015eVURU FORMU \u00a0 6698 Say\u0131l\u0131 Ki\u015fisel Verilerin Korunmas\u0131 Kanunu\u2019nda ilgili ki\u015fi olarak tan\u0131mlanan ki\u015fisel veri sahiplerine \u201cBa\u015fvuru Sahibi olarak an\u0131lacakt\u0131r\u201d, KVK Kanunu\u2019nun 11\u2019inci maddesinde ki\u015fisel verilerinin i\u015flenmesine ili\u015fkin birtak\u0131m taleplerde bulunma hakk\u0131 tan\u0131nm\u0131\u015ft\u0131r. &nbsp; KVK Kanunu\u2019nun 13\u2019\u00fcnc\u00fc maddesinin birinci f\u0131kras\u0131 uyar\u0131nca; ki\u015fisel veri sahibinin, ilgili ki\u015finin veri sorumlusu olan \u015eirketimize bu haklara ili\u015fkin olarak yap\u0131lacak ba\u015fvurular\u0131n\u0131 yaz\u0131l\u0131 olarak veya Ki\u015fisel Verilerin Korunmas\u0131 Kurulu (\u201cKurul\u201d) taraf\u0131ndan belirlenen di\u011fer y\u00f6ntemlerle, taraf\u0131m\u0131za iletmesi gerekmektedir. &nbsp; Bu \u00e7er\u00e7evede \u201cyaz\u0131l\u0131\u201d olarak \u015eirketimize yap\u0131lacak ba\u015fvurular, i\u015fbu formun \u00e7\u0131kt\u0131s\u0131 al\u0131narak; &nbsp; Ba\u015fvuru Sahibinin \u015fahsen ba\u015fvurusu ile, Noter vas\u0131tas\u0131 ile, Ba\u015fvuru Sahibince 5070 Say\u0131l\u0131 Elektronik \u0130mza Kanunu\u2019nda tan\u0131ml\u0131 olan \u201cg\u00fcvenli elektronik imza\u201d ile imzalanarak \u015eirket kay\u0131tl\u0131 elektronik posta adresine g\u00f6nderilmek suretiyle, taraf\u0131m\u0131za iletilebilecektir. &nbsp; A\u015fa\u011f\u0131da, yaz\u0131l\u0131 ba\u015fvurular\u0131n ne \u015fekilde taraf\u0131m\u0131za ula\u015ft\u0131r\u0131laca\u011f\u0131na ili\u015fkin yaz\u0131l\u0131 ba\u015fvuru kanallar\u0131 hakk\u0131nda bilgiler verilmektedir. &nbsp; &nbsp; Ba\u015fvuru Y\u00f6ntem Ba\u015fvuru Yap\u0131lacak Adres Ba\u015fvuruda Belirtilecek Bilgi \u015eahsen Ba\u015fvuru (Ba\u015fvuru sahibinin bizzat gelerek kimli\u011fini tasdik edecek belge ile ba\u015fvurmas\u0131) Akasya AVM, Ac\u0131badem Mah. \u00c7e\u00e7en Sok. No:426B, Ac\u0131badem 34660 \u00dcsk\u00fcdar, \u0130stanbul Zarf\u0131n \u00fczerine \u201cKi\u015fisel Verilerin Korunmas\u0131 Kanunu Kapsam\u0131nda Bilgi Talebi\u201d yaz\u0131lacakt\u0131r. &nbsp; Noter Vas\u0131tas\u0131 ile Tebligat Akasya AVM, Ac\u0131badem Mah. \u00c7e\u00e7en Sok. No:426B, Ac\u0131badem 34660 \u00dcsk\u00fcdar, \u0130stanbul Tebligat zarf\u0131na \u201cKi\u015fisel Verilerin Korunmas\u0131 Kanunu Kapsam\u0131nda Bilgi Talebi\u201d yaz\u0131lacakt\u0131r. Kay\u0131tl\u0131 Elektronik Posta Yolu (G\u00fcvenli Elektronik \u0130mzal\u0131) &nbsp; info@diverjans.com.tr E-postan\u0131n konu k\u0131sm\u0131na \u201cKi\u015fisel Verilerin Korunmas\u0131 Kanunu Bilgi Talebi\u201d yaz\u0131lacakt\u0131r. &nbsp; Ek olarak, Kurul\u2019un belirleyece\u011fi di\u011fer y\u00f6ntemler duyurulduktan sonra bu y\u00f6ntemler \u00fczerinden de ba\u015fvurular\u0131n ne \u015fekilde al\u0131naca\u011f\u0131 \u015eirketimiz taraf\u0131ndan duyurulacakt\u0131r. &nbsp; KVK Kanunu\u2019nun 13\u2019\u00fcnc\u00fc maddesinin 2\u2019inci f\u0131kras\u0131nda d\u00fczenlendi\u011fi \u015fekilde, taraf\u0131m\u0131za iletmi\u015f oldu\u011funuz ba\u015fvurular\u0131n\u0131z talebin niteli\u011fine g\u00f6re talebinizin bizlere ula\u015ft\u0131\u011f\u0131 tarihten itibaren otuz g\u00fcn i\u00e7inde yan\u0131tland\u0131r\u0131lacak olup, yaz\u0131l\u0131 veya elektronik ortamdan taraf\u0131n\u0131za ula\u015ft\u0131r\u0131lacakt\u0131r. \u00a0 A.\u00a0 Ba\u015fvuru Sahibi \u0130leti\u015fim Bilgileri: \u00a0 Ad, Soyad &nbsp; T.C. Kimlik Numaras\u0131 &nbsp; Telefon Numaras\u0131 &nbsp; E-Posta Adresi ( Size daha h\u0131zl\u0131 yan\u0131t verebilmemiz i\u00e7in) &nbsp; Adres &nbsp; \u00a0 \u00a0 L\u00fctfen \u015eirketimiz ile olan ili\u015fkinizi (M\u00fc\u015fteri, i\u015f orta\u011f\u0131, \u00e7al\u0131\u015fan aday\u0131, eski \u00e7al\u0131\u015fan, \u00fc\u00e7\u00fcnc\u00fc taraf firma \u00e7al\u0131\u015fan\u0131, hissedar gibi) \u00a0 M\u00fc\u015fteri Ziyaret\u00e7i \u0130\u015f Orta\u011f\u0131 Di\u011fer: \u015eirketimiz i\u00e7erisinde ileti\u015fimde oldu\u011funuz birim: Konu: \u00a0 \u00a0 Eski \u00c7al\u0131\u015fan\u0131m: \u00c7al\u0131\u015ft\u0131\u011f\u0131m Y\u0131llar: \u00a0 Di\u011fer \u00a0 \u0130\u015f Ba\u015fvurusu \/ \u00d6zge\u00e7mi\u015f Payla\u015f\u0131m\u0131 Yapt\u0131m Tarih: \u00a0 \u00dc\u00e7\u00fcnc\u00fc Ki\u015fi Firma \u00c7al\u0131\u015fan\u0131y\u0131m L\u00fctfen \u00e7al\u0131\u015ft\u0131\u011f\u0131n\u0131z firma ve pozisyon bilgisini belirtiniz \u00a0 L\u00fctfen KVK Kanunu kapsam\u0131ndaki talebinizi detayl\u0131 olarak belirtiniz: \u2026\u2026\u2026\u2026\u2026\u2026\u2026..\u2026\u2026\u2026\u2026\u2026.\u2026\u2026\u2026\u2026\u2026\u2026\u2026\u2026\u2026\u2026\u2026\u2026.\u2026\u2026\u2026\u2026\u2026\u2026\u2026\u2026\u2026\u2026\u2026\u2026\u2026\u2026\u2026\u2026\u2026\u2026\u2026\u2026\u2026\u2026\u2026\u2026\u2026\u2026\u2026\u2026\u2026\u2026\u2026\u2026\u2026\u2026 \u2026\u2026\u2026\u2026\u2026\u2026\u2026..\u2026\u2026\u2026\u2026\u2026.\u2026\u2026\u2026\u2026\u2026\u2026\u2026\u2026\u2026\u2026\u2026\u2026.\u2026\u2026\u2026\u2026\u2026\u2026\u2026\u2026\u2026\u2026\u2026\u2026\u2026\u2026\u2026\u2026\u2026\u2026\u2026\u2026\u2026\u2026\u2026\u2026\u2026\u2026\u2026\u2026\u2026\u2026\u2026\u2026\u2026\u2026 \u2026\u2026\u2026\u2026\u2026\u2026\u2026..\u2026\u2026\u2026\u2026\u2026.\u2026\u2026\u2026\u2026\u2026\u2026\u2026\u2026\u2026\u2026\u2026\u2026.\u2026\u2026\u2026\u2026\u2026\u2026\u2026\u2026\u2026\u2026\u2026\u2026\u2026\u2026\u2026\u2026\u2026\u2026\u2026\u2026\u2026\u2026\u2026\u2026\u2026\u2026\u2026\u2026\u2026\u2026\u2026\u2026\u2026\u2026 \u2026\u2026\u2026\u2026\u2026\u2026\u2026..\u2026\u2026\u2026\u2026\u2026.\u2026\u2026\u2026\u2026\u2026\u2026\u2026\u2026\u2026\u2026\u2026\u2026.\u2026\u2026\u2026\u2026\u2026\u2026\u2026\u2026\u2026\u2026\u2026\u2026\u2026\u2026\u2026\u2026\u2026\u2026\u2026\u2026\u2026\u2026\u2026\u2026\u2026\u2026\u2026\u2026\u2026\u2026\u2026\u2026\u2026\u2026 \u2026\u2026\u2026\u2026\u2026\u2026\u2026..\u2026\u2026\u2026\u2026\u2026.\u2026\u2026\u2026\u2026\u2026\u2026\u2026\u2026\u2026\u2026\u2026\u2026.\u2026\u2026\u2026\u2026\u2026\u2026\u2026\u2026\u2026\u2026\u2026\u2026\u2026\u2026\u2026\u2026\u2026\u2026\u2026\u2026\u2026\u2026\u2026\u2026\u2026\u2026\u2026\u2026\u2026\u2026\u2026\u2026\u2026\u2026 \u2026\u2026\u2026\u2026\u2026\u2026\u2026..\u2026\u2026\u2026\u2026\u2026.\u2026\u2026\u2026\u2026\u2026\u2026\u2026\u2026\u2026\u2026\u2026\u2026.\u2026\u2026\u2026\u2026\u2026\u2026\u2026\u2026\u2026\u2026\u2026\u2026\u2026\u2026\u2026\u2026\u2026\u2026\u2026\u2026\u2026\u2026\u2026\u2026\u2026\u2026\u2026\u2026\u2026\u2026\u2026\u2026\u2026\u2026 \u2026\u2026\u2026\u2026\u2026\u2026\u2026..\u2026\u2026\u2026\u2026\u2026.\u2026\u2026\u2026\u2026\u2026\u2026\u2026\u2026\u2026\u2026\u2026\u2026.\u2026\u2026\u2026\u2026\u2026\u2026\u2026\u2026\u2026\u2026\u2026\u2026\u2026\u2026\u2026\u2026\u2026\u2026\u2026\u2026\u2026\u2026\u2026\u2026\u2026\u2026\u2026\u2026\u2026\u2026\u2026\u2026\u2026\u2026 \u2026\u2026\u2026\u2026\u2026\u2026\u2026..\u2026\u2026\u2026\u2026\u2026.\u2026\u2026\u2026\u2026\u2026\u2026\u2026\u2026\u2026\u2026\u2026\u2026.\u2026\u2026\u2026\u2026\u2026\u2026\u2026\u2026\u2026\u2026\u2026\u2026\u2026\u2026\u2026\u2026\u2026\u2026\u2026\u2026\u2026\u2026\u2026\u2026\u2026\u2026\u2026\u2026\u2026\u2026\u2026\u2026\u2026\u2026 \u2026\u2026\u2026\u2026\u2026\u2026\u2026..\u2026\u2026\u2026\u2026\u2026.\u2026\u2026\u2026\u2026\u2026\u2026\u2026\u2026\u2026\u2026\u2026\u2026.\u2026\u2026\u2026\u2026\u2026\u2026\u2026\u2026\u2026\u2026\u2026\u2026\u2026\u2026\u2026\u2026\u2026\u2026\u2026\u2026\u2026\u2026\u2026\u2026\u2026\u2026\u2026\u2026\u2026\u2026\u2026\u2026\u2026\u2026 \u00a0 L\u00fctfen ba\u015fvurunuza verece\u011fimiz yan\u0131t\u0131n taraf\u0131n\u0131za bildirilme y\u00f6ntemini se\u00e7iniz: Adresime g\u00f6nderilmesini istiyorum E-Posta adresime g\u00f6nderilmesini istiyorum (E-posta y\u00f6ntemini se\u00e7meniz h\u00e2linde size daha h\u0131zl\u0131 yan\u0131t verebilece\u011fiz.) Elden Teslim almak istiyorum &nbsp; (Vek\u00e2leten teslim al\u0131nmas\u0131 durumunda noter tasdikli vek\u00e2letname veya yetki belgesi olmas\u0131 gerekmektedir.) &nbsp; \u0130\u015fbu ba\u015fvuru formu, \u015eirketimiz ile olan ili\u015fkinizi tespit ederek varsa \u015eirketimiz taraf\u0131ndan i\u015flenen ki\u015fisel verilerinizi eksiksiz olarak belirleyerek, ilgili ba\u015fvurunuza do\u011fru ve kanuni s\u00fcresinde cevap verilebilmesi i\u00e7in tanzim edilmi\u015ftir. Hukuka ayk\u0131r\u0131 ve haks\u0131z bir \u015fekilde veri payla\u015f\u0131m\u0131ndan kaynaklanabilecek hukuki risklerin bertaraf edilmesi ve \u00f6zellikle ki\u015fisel verilerinizin g\u00fcvenli\u011finin sa\u011flanmas\u0131 amac\u0131yla, kimlik ve yetki tespiti i\u00e7in \u015firketimiz ek evrak ve malumat (N\u00fcfus c\u00fczdan\u0131 veya s\u00fcr\u00fcc\u00fc belgesi sureti vb.) talep etme hakk\u0131n\u0131 sakl\u0131 tutar. Form kapsam\u0131nda iletmekte oldu\u011funuz taleplerinize ili\u015fkin bilgilerin do\u011fru ve g\u00fcncel olmamas\u0131 ya da yetkisiz bir ba\u015fvuru yap\u0131lmas\u0131 halinde \u015eirketimiz, s\u00f6z konusu yanl\u0131\u015f bilgi ya da yetkisiz ba\u015fvuru kaynakl\u0131 taleplerden dolay\u0131 mesuliyet kabul etmemektedir. &nbsp; Ba\u015fvuru Sahibi (Ki\u015fisel Veri Sahibi) Ad\u0131 Soyad\u0131: Ba\u015fvuru Tarihi: \u0130mza: \u00a0 &nbsp;<\/p>\n","protected":false},"author":1,"featured_media":0,"parent":0,"menu_order":0,"comment_status":"closed","ping_status":"closed","template":"","meta":{"footnotes":""},"class_list":["post-1611","page","type-page","status-publish","hentry"],"acf":[],"_links":{"self":[{"href":"https:\/\/www.diverjans.com.tr\/en\/wp-json\/wp\/v2\/pages\/1611","targetHints":{"allow":["GET"]}}],"collection":[{"href":"https:\/\/www.diverjans.com.tr\/en\/wp-json\/wp\/v2\/pages"}],"about":[{"href":"https:\/\/www.diverjans.com.tr\/en\/wp-json\/wp\/v2\/types\/page"}],"author":[{"embeddable":true,"href":"https:\/\/www.diverjans.com.tr\/en\/wp-json\/wp\/v2\/users\/1"}],"replies":[{"embeddable":true,"href":"https:\/\/www.diverjans.com.tr\/en\/wp-json\/wp\/v2\/comments?post=1611"}],"version-history":[{"count":1,"href":"https:\/\/www.diverjans.com.tr\/en\/wp-json\/wp\/v2\/pages\/1611\/revisions"}],"predecessor-version":[{"id":1613,"href":"https:\/\/www.diverjans.com.tr\/en\/wp-json\/wp\/v2\/pages\/1611\/revisions\/1613"}],"wp:attachment":[{"href":"https:\/\/www.diverjans.com.tr\/en\/wp-json\/wp\/v2\/media?parent=1611"}],"curies":[{"name":"wp","href":"https:\/\/api.w.org\/{rel}","templated":true}]}}